{"id":2466,"date":"2018-04-18T22:54:03","date_gmt":"2018-04-18T22:54:03","guid":{"rendered":"http:\/\/assulba.com.br\/?post_type=product&#038;p=2466"},"modified":"2024-03-17T01:01:57","modified_gmt":"2024-03-17T04:01:57","slug":"trava-rodas-de-borracha","status":"publish","type":"product","link":"https:\/\/assulba.com.br\/?product=trava-rodas-de-borracha","title":{"rendered":"Trava Rodas de Borracha CITYLIMP"},"content":{"rendered":"","protected":false},"excerpt":{"rendered":"<p>REF. 4073<\/p>\n<p>Evita impactos dos ve\u00edculos com muros e outros ve\u00edculos;<br \/>\nOrganiza estacionamentos de pequeno e grande porte;<br \/>\nFlex\u00edvel: Se ajusta em asfaltos e concretos irregulares;<br \/>\nF\u00e1cil instala\u00e7\u00e3o e manuten\u00e7\u00e3o. Utiliza parafusos expans\u00edveis (CSTRA-001);<br \/>\nPr\u00f3prio tanto para instala\u00e7\u00f5es tempor\u00e1rias quanto permanentes;<br \/>\nResistente \u00e0 varia\u00e7\u00f5es clim\u00e1ticas.<\/p>\n<p>55x15x10<\/p>\n","protected":false},"featured_media":4548,"template":"","meta":[],"product_brand":[],"product_cat":[160],"product_tag":[16,127,17],"class_list":{"0":"post-2466","1":"product","2":"type-product","3":"status-publish","4":"has-post-thumbnail","6":"product_cat-cat_seguranca","7":"product_tag-garagem","8":"product_tag-seguranca","9":"product_tag-sinalizacao","11":"first","12":"instock","13":"shipping-taxable","14":"purchasable","15":"product-type-simple"},"jetpack_sharing_enabled":true,"_links":{"self":[{"href":"https:\/\/assulba.com.br\/index.php?rest_route=\/wp\/v2\/product\/2466","targetHints":{"allow":["GET"]}}],"collection":[{"href":"https:\/\/assulba.com.br\/index.php?rest_route=\/wp\/v2\/product"}],"about":[{"href":"https:\/\/assulba.com.br\/index.php?rest_route=\/wp\/v2\/types\/product"}],"wp:featuredmedia":[{"embeddable":true,"href":"https:\/\/assulba.com.br\/index.php?rest_route=\/wp\/v2\/media\/4548"}],"wp:attachment":[{"href":"https:\/\/assulba.com.br\/index.php?rest_route=%2Fwp%2Fv2%2Fmedia&parent=2466"}],"wp:term":[{"taxonomy":"product_brand","embeddable":true,"href":"https:\/\/assulba.com.br\/index.php?rest_route=%2Fwp%2Fv2%2Fproduct_brand&post=2466"},{"taxonomy":"product_cat","embeddable":true,"href":"https:\/\/assulba.com.br\/index.php?rest_route=%2Fwp%2Fv2%2Fproduct_cat&post=2466"},{"taxonomy":"product_tag","embeddable":true,"href":"https:\/\/assulba.com.br\/index.php?rest_route=%2Fwp%2Fv2%2Fproduct_tag&post=2466"}],"curies":[{"name":"wp","href":"https:\/\/api.w.org\/{rel}","templated":true}]}}