{"id":2460,"date":"2018-04-18T21:10:15","date_gmt":"2018-04-19T00:10:15","guid":{"rendered":"http:\/\/assulba.com.br\/?post_type=product&#038;p=2460"},"modified":"2024-03-17T01:01:57","modified_gmt":"2024-03-17T04:01:57","slug":"lixeira-para-copos-papacopo","status":"publish","type":"product","link":"https:\/\/assulba.com.br\/?product=lixeira-para-copos-papacopo","title":{"rendered":"Lixeira para Copos Papacopo Nobre"},"content":{"rendered":"","protected":false},"excerpt":{"rendered":"<p>REF. 3114 \/ REF. 3115 \/ REF. 3116<\/p>\n<p>Com base modular exclusiva<br \/>\nCompre as pe\u00e7as avulsas e controle seu estoque<br \/>\nPerfeito acabamento<br \/>\nBase e tubo superresistente<\/p>\n<p>Exclusiva base modular que se adapta a sua necessidade, aumentando ou reduzindo a capacidade no momento que voc\u00ea precisar, sem ter que comprar uma lixeira nova.<\/p>\n<p>Com borda nos tubos, um cuidado est\u00e9tico e de seguran\u00e7a.<br \/>\nTubo de \u00c1gua para copos de at\u00e9 200ml e de caf\u00e9 para copos de 50ml. Com capacidade de at\u00e9 140 copos.<br \/>\nProduzida em materiais de alta qualidade, com base e tubos superresistentes.<\/p>\n","protected":false},"featured_media":2549,"template":"","meta":[],"product_brand":[],"product_cat":[21,317],"product_tag":[98,97,70],"class_list":{"0":"post-2460","1":"product","2":"type-product","3":"status-publish","4":"has-post-thumbnail","6":"product_cat-cat_lixeiras","7":"product_cat-cat_demaislixeiras","8":"product_tag-agua","9":"product_tag-copos","10":"product_tag-lixeiras","12":"first","13":"instock","14":"shipping-taxable","15":"purchasable","16":"product-type-simple"},"jetpack_sharing_enabled":true,"_links":{"self":[{"href":"https:\/\/assulba.com.br\/index.php?rest_route=\/wp\/v2\/product\/2460","targetHints":{"allow":["GET"]}}],"collection":[{"href":"https:\/\/assulba.com.br\/index.php?rest_route=\/wp\/v2\/product"}],"about":[{"href":"https:\/\/assulba.com.br\/index.php?rest_route=\/wp\/v2\/types\/product"}],"wp:featuredmedia":[{"embeddable":true,"href":"https:\/\/assulba.com.br\/index.php?rest_route=\/wp\/v2\/media\/2549"}],"wp:attachment":[{"href":"https:\/\/assulba.com.br\/index.php?rest_route=%2Fwp%2Fv2%2Fmedia&parent=2460"}],"wp:term":[{"taxonomy":"product_brand","embeddable":true,"href":"https:\/\/assulba.com.br\/index.php?rest_route=%2Fwp%2Fv2%2Fproduct_brand&post=2460"},{"taxonomy":"product_cat","embeddable":true,"href":"https:\/\/assulba.com.br\/index.php?rest_route=%2Fwp%2Fv2%2Fproduct_cat&post=2460"},{"taxonomy":"product_tag","embeddable":true,"href":"https:\/\/assulba.com.br\/index.php?rest_route=%2Fwp%2Fv2%2Fproduct_tag&post=2460"}],"curies":[{"name":"wp","href":"https:\/\/api.w.org\/{rel}","templated":true}]}}