{"id":2427,"date":"2018-04-18T01:55:48","date_gmt":"2018-04-18T01:55:48","guid":{"rendered":"http:\/\/assulba.com.br\/?post_type=product&#038;p=2427"},"modified":"2024-03-17T01:01:57","modified_gmt":"2024-03-17T04:01:57","slug":"cone-retratil-refletivo","status":"publish","type":"product","link":"https:\/\/assulba.com.br\/?product=cone-retratil-refletivo","title":{"rendered":"Cone Retr\u00e1til Refletivo CITYLIMP"},"content":{"rendered":"","protected":false},"excerpt":{"rendered":"<p>REF. 4084<\/p>\n<p>Cone leve e de f\u00e1cil manuseio, \u00e9 constru\u00eddo em material imperme\u00e1vel e com duas faixas refletivas. Quando fechado, tem apenas 7cm de altura, facilitando o transportes.<\/p>\n<p>Pode-se utilizar no seu topo sinalizador led para uma melhor visibilidade do cone a noite. \u00c9 muito utilizado em p\u00e1tios, estacionamentos e para sinalizar alguma manuten\u00e7\u00e3o no seu carro, pois \u00e9 f\u00e1cil e pr\u00e1tico guardar e levar no porta malas do carro.<\/p>\n<p>INFORMA\u00c7\u00d5ES GERAIS<br \/>\n. REF: CSTRA-439<br \/>\n. Dimens\u00f5es: 7cm fechado e 62cm aberto de altura com base 30 x 30 cm<br \/>\n. Cor: Laranja com faixa refletiva prata<\/p>\n","protected":false},"featured_media":4576,"template":"","meta":[],"product_brand":[],"product_cat":[160],"product_tag":[16,127,17],"class_list":{"0":"post-2427","1":"product","2":"type-product","3":"status-publish","4":"has-post-thumbnail","6":"product_cat-cat_seguranca","7":"product_tag-garagem","8":"product_tag-seguranca","9":"product_tag-sinalizacao","11":"first","12":"instock","13":"shipping-taxable","14":"purchasable","15":"product-type-simple"},"jetpack_sharing_enabled":true,"_links":{"self":[{"href":"https:\/\/assulba.com.br\/index.php?rest_route=\/wp\/v2\/product\/2427","targetHints":{"allow":["GET"]}}],"collection":[{"href":"https:\/\/assulba.com.br\/index.php?rest_route=\/wp\/v2\/product"}],"about":[{"href":"https:\/\/assulba.com.br\/index.php?rest_route=\/wp\/v2\/types\/product"}],"wp:featuredmedia":[{"embeddable":true,"href":"https:\/\/assulba.com.br\/index.php?rest_route=\/wp\/v2\/media\/4576"}],"wp:attachment":[{"href":"https:\/\/assulba.com.br\/index.php?rest_route=%2Fwp%2Fv2%2Fmedia&parent=2427"}],"wp:term":[{"taxonomy":"product_brand","embeddable":true,"href":"https:\/\/assulba.com.br\/index.php?rest_route=%2Fwp%2Fv2%2Fproduct_brand&post=2427"},{"taxonomy":"product_cat","embeddable":true,"href":"https:\/\/assulba.com.br\/index.php?rest_route=%2Fwp%2Fv2%2Fproduct_cat&post=2427"},{"taxonomy":"product_tag","embeddable":true,"href":"https:\/\/assulba.com.br\/index.php?rest_route=%2Fwp%2Fv2%2Fproduct_tag&post=2427"}],"curies":[{"name":"wp","href":"https:\/\/api.w.org\/{rel}","templated":true}]}}