{"id":2423,"date":"2018-04-18T00:15:23","date_gmt":"2018-04-18T03:15:23","guid":{"rendered":"http:\/\/assulba.com.br\/?post_type=product&#038;p=2423"},"modified":"2024-03-17T01:01:57","modified_gmt":"2024-03-17T04:01:57","slug":"saboneteira-montana-reservatorio","status":"publish","type":"product","link":"https:\/\/assulba.com.br\/?product=saboneteira-montana-reservatorio","title":{"rendered":"DISPENSADOR \u00c1LCOOL E SABONETE MONTANA EXACCTA"},"content":{"rendered":"","protected":false},"excerpt":{"rendered":"<p>REF. 1658<\/p>\n<p>Desenvolvido e Fabricado com tecnologia de ponta, utilizando materiais de alta resist\u00eancia. Reservat\u00f3rio com tampa com capacidade de 800 mL. Sistema de v\u00e1lvula que permite a utiliza\u00e7\u00e3o de sabonetes l\u00edquidos de baixa viscosidade.<\/p>\n<p><iframe loading=\"lazy\" width=\"560\" height=\"315\" src=\"https:\/\/www.youtube-nocookie.com\/embed\/8KTi1hSQjGQ\" title=\"YouTube video player\" frameborder=\"0\" allow=\"accelerometer; autoplay; clipboard-write; encrypted-media; gyroscope; picture-in-picture\" allowfullscreen><\/iframe><\/p>\n<p>Altura 200mm; Largura 110mm; Profundidade 110mm.<br \/>\nMaterial do Dispensador: ABS<br \/>\nCapacidade do reservat\u00f3rio: 800 ml<\/p>\n<p>Instala\u00e7\u00e3o:<br \/>\nBuchas e parafusos (inclu\u00eddos)<br \/>\nFita dupla-face (n\u00e3o inclu\u00edda)<\/p>\n<p>Sistema de Abertura e Fechamento com chave.<\/p>\n","protected":false},"featured_media":8157,"template":"","meta":[],"product_brand":[],"product_cat":[22],"product_tag":[83,91],"class_list":{"0":"post-2423","1":"product","2":"type-product","3":"status-publish","4":"has-post-thumbnail","6":"product_cat-banheiro","7":"product_tag-banheiro","8":"product_tag-dispenser","10":"first","11":"instock","12":"shipping-taxable","13":"purchasable","14":"product-type-simple"},"jetpack_sharing_enabled":true,"_links":{"self":[{"href":"https:\/\/assulba.com.br\/index.php?rest_route=\/wp\/v2\/product\/2423","targetHints":{"allow":["GET"]}}],"collection":[{"href":"https:\/\/assulba.com.br\/index.php?rest_route=\/wp\/v2\/product"}],"about":[{"href":"https:\/\/assulba.com.br\/index.php?rest_route=\/wp\/v2\/types\/product"}],"wp:featuredmedia":[{"embeddable":true,"href":"https:\/\/assulba.com.br\/index.php?rest_route=\/wp\/v2\/media\/8157"}],"wp:attachment":[{"href":"https:\/\/assulba.com.br\/index.php?rest_route=%2Fwp%2Fv2%2Fmedia&parent=2423"}],"wp:term":[{"taxonomy":"product_brand","embeddable":true,"href":"https:\/\/assulba.com.br\/index.php?rest_route=%2Fwp%2Fv2%2Fproduct_brand&post=2423"},{"taxonomy":"product_cat","embeddable":true,"href":"https:\/\/assulba.com.br\/index.php?rest_route=%2Fwp%2Fv2%2Fproduct_cat&post=2423"},{"taxonomy":"product_tag","embeddable":true,"href":"https:\/\/assulba.com.br\/index.php?rest_route=%2Fwp%2Fv2%2Fproduct_tag&post=2423"}],"curies":[{"name":"wp","href":"https:\/\/api.w.org\/{rel}","templated":true}]}}