{"id":2404,"date":"2018-03-30T15:02:38","date_gmt":"2018-03-30T15:02:38","guid":{"rendered":"http:\/\/assulba.com.br\/?post_type=product&#038;p=2404"},"modified":"2024-03-17T01:01:57","modified_gmt":"2024-03-17T04:01:57","slug":"carrinho-ecoflex-abastecedor","status":"publish","type":"product","link":"https:\/\/assulba.com.br\/?product=carrinho-ecoflex-abastecedor","title":{"rendered":"Carrinho Ecoflex Abastecedor"},"content":{"rendered":"","protected":false},"excerpt":{"rendered":"<p>O carrinho de compras Abastecedor 150 litros da Siris n\u00e3o enferruja e nem perde o brilho. Produzido em material especial com \u00f3tima resist\u00eancia aos raios UV e demais agentes atmosf\u00e9ricos. N\u00e3o apresenta trincas, ranhuras ou desbotamento de cores. Maior resist\u00eancia a choques e n\u00e3o danifica paredes e elevadores. Rod\u00edzios m\u00f3veis, com travamento para esteira rolante.<br \/>\nPeso 19kg. Dimens\u00f5es C 98 x L 57 x A 105 cm.<\/p>\n<p><strong>OP\u00c7\u00d5ES DE CORES<\/strong><br \/>\nAzul, Verde, Laranja, Amarelo, Vermelho, Cinza, Cinza\/cinza.<\/p>\n","protected":false},"featured_media":7793,"template":"","meta":[],"product_brand":[],"product_cat":[20],"product_tag":[54,61],"class_list":{"0":"post-2404","1":"product","2":"type-product","3":"status-publish","4":"has-post-thumbnail","6":"product_cat-cat_logistica","7":"product_tag-carrinho","8":"product_tag-carrinho-de-compras","10":"first","11":"instock","12":"shipping-taxable","13":"purchasable","14":"product-type-variable"},"jetpack_sharing_enabled":true,"_links":{"self":[{"href":"https:\/\/assulba.com.br\/index.php?rest_route=\/wp\/v2\/product\/2404","targetHints":{"allow":["GET"]}}],"collection":[{"href":"https:\/\/assulba.com.br\/index.php?rest_route=\/wp\/v2\/product"}],"about":[{"href":"https:\/\/assulba.com.br\/index.php?rest_route=\/wp\/v2\/types\/product"}],"wp:featuredmedia":[{"embeddable":true,"href":"https:\/\/assulba.com.br\/index.php?rest_route=\/wp\/v2\/media\/7793"}],"wp:attachment":[{"href":"https:\/\/assulba.com.br\/index.php?rest_route=%2Fwp%2Fv2%2Fmedia&parent=2404"}],"wp:term":[{"taxonomy":"product_brand","embeddable":true,"href":"https:\/\/assulba.com.br\/index.php?rest_route=%2Fwp%2Fv2%2Fproduct_brand&post=2404"},{"taxonomy":"product_cat","embeddable":true,"href":"https:\/\/assulba.com.br\/index.php?rest_route=%2Fwp%2Fv2%2Fproduct_cat&post=2404"},{"taxonomy":"product_tag","embeddable":true,"href":"https:\/\/assulba.com.br\/index.php?rest_route=%2Fwp%2Fv2%2Fproduct_tag&post=2404"}],"curies":[{"name":"wp","href":"https:\/\/api.w.org\/{rel}","templated":true}]}}