{"id":2287,"date":"2018-02-11T21:22:00","date_gmt":"2018-02-11T21:22:00","guid":{"rendered":"http:\/\/assulba.com.br\/?post_type=product&#038;p=2287"},"modified":"2024-03-17T01:01:57","modified_gmt":"2024-03-17T04:01:57","slug":"funny","status":"publish","type":"product","link":"https:\/\/assulba.com.br\/?product=funny","title":{"rendered":"Funny"},"content":{"rendered":"","protected":false},"excerpt":{"rendered":"<p>(SOB ENCOMENDA)<\/p>\n<p>REF. 1982<\/p>\n<p>\u2022 Playground composto multicolorido com design amplo e exclusivo.<br \/>\n\u2022 T\u00fanel na parte inferior.<br \/>\n\u2022 Plataforma superior que d\u00e1 acesso aos escorregadores.<br \/>\n\u2022 Laterais vazadas para melhor visualiza\u00e7\u00e3o.<br \/>\n\u2022 Mini escorregador em forma de t\u00fanel com descida de 1,50cm.<br \/>\n\u2022 2 escorregadores reto.<br \/>\n\u2022 Escalada com apoio para os p\u00e9s para acesso ao piso superior.<br \/>\n\u2022 Telhado.<\/p>\n<p>Produto fabricado pelo processo de rotomoldagem, mat\u00e9ria prima polietileno de primeira qualidade livres de misturas, at\u00f3xico e com aditivos antiestaticos, aditivos anti UV, projetado com alta resist\u00eancia suportando trafego intenso de crian\u00e7as de v\u00e1rios pesos e tamanhos, respeitando a faixa et\u00e1ria de cada produto; A Mundo Azul Brinquedos desenvolveu especialmente este produto para garantir divers\u00e3o com seguran\u00e7a! Produto testado e aprovado pelo INMETRO.<\/p>\n<p>Largura: 3,50m<br \/>\nAltura: 1,96m<br \/>\nComprimento: 3,54m<\/p>\n","protected":false},"featured_media":4524,"template":"","meta":[],"product_brand":[],"product_cat":[159],"product_tag":[104,89,105,103],"class_list":{"0":"post-2287","1":"product","2":"type-product","3":"status-publish","4":"has-post-thumbnail","6":"product_cat-cat_moveis_play","7":"product_tag-brinquedos","8":"product_tag-infantil","9":"product_tag-parquinho","10":"product_tag-playground","12":"first","13":"instock","14":"shipping-taxable","15":"purchasable","16":"product-type-simple"},"jetpack_sharing_enabled":true,"_links":{"self":[{"href":"https:\/\/assulba.com.br\/index.php?rest_route=\/wp\/v2\/product\/2287","targetHints":{"allow":["GET"]}}],"collection":[{"href":"https:\/\/assulba.com.br\/index.php?rest_route=\/wp\/v2\/product"}],"about":[{"href":"https:\/\/assulba.com.br\/index.php?rest_route=\/wp\/v2\/types\/product"}],"wp:featuredmedia":[{"embeddable":true,"href":"https:\/\/assulba.com.br\/index.php?rest_route=\/wp\/v2\/media\/4524"}],"wp:attachment":[{"href":"https:\/\/assulba.com.br\/index.php?rest_route=%2Fwp%2Fv2%2Fmedia&parent=2287"}],"wp:term":[{"taxonomy":"product_brand","embeddable":true,"href":"https:\/\/assulba.com.br\/index.php?rest_route=%2Fwp%2Fv2%2Fproduct_brand&post=2287"},{"taxonomy":"product_cat","embeddable":true,"href":"https:\/\/assulba.com.br\/index.php?rest_route=%2Fwp%2Fv2%2Fproduct_cat&post=2287"},{"taxonomy":"product_tag","embeddable":true,"href":"https:\/\/assulba.com.br\/index.php?rest_route=%2Fwp%2Fv2%2Fproduct_tag&post=2287"}],"curies":[{"name":"wp","href":"https:\/\/api.w.org\/{rel}","templated":true}]}}