{"id":2283,"date":"2018-02-11T20:44:17","date_gmt":"2018-02-11T20:44:17","guid":{"rendered":"http:\/\/assulba.com.br\/?post_type=product&#038;p=2283"},"modified":"2024-03-17T01:01:57","modified_gmt":"2024-03-17T04:01:57","slug":"gangorra-jacare","status":"publish","type":"product","link":"https:\/\/assulba.com.br\/?product=gangorra-jacare","title":{"rendered":"Gangorra Jacar\u00e9"},"content":{"rendered":"","protected":false},"excerpt":{"rendered":"<p>REF. 1905<\/p>\n<p>\u2022 Gangorra Infantil em formato de jacar\u00e9 com v\u00e1rias op\u00e7\u00f5es de cores.<br \/>\n\u2022 Assento anat\u00f4mico e macio que facilita a montaria da crian\u00e7a.<br \/>\n\u2022 Pegadores Confort\u00e1veis e apoio para os p\u00e9s.<br \/>\n\u2022 Totalmente montado.<\/p>\n<p>Largura: 0,40m<br \/>\nAltura: 0,50m<br \/>\nComprimento: 1,13m<\/p>\n","protected":false},"featured_media":4521,"template":"","meta":[],"product_brand":[],"product_cat":[159],"product_tag":[104,89,103],"class_list":{"0":"post-2283","1":"product","2":"type-product","3":"status-publish","4":"has-post-thumbnail","6":"product_cat-cat_moveis_play","7":"product_tag-brinquedos","8":"product_tag-infantil","9":"product_tag-playground","11":"first","12":"instock","13":"shipping-taxable","14":"purchasable","15":"product-type-simple"},"jetpack_sharing_enabled":true,"_links":{"self":[{"href":"https:\/\/assulba.com.br\/index.php?rest_route=\/wp\/v2\/product\/2283","targetHints":{"allow":["GET"]}}],"collection":[{"href":"https:\/\/assulba.com.br\/index.php?rest_route=\/wp\/v2\/product"}],"about":[{"href":"https:\/\/assulba.com.br\/index.php?rest_route=\/wp\/v2\/types\/product"}],"wp:featuredmedia":[{"embeddable":true,"href":"https:\/\/assulba.com.br\/index.php?rest_route=\/wp\/v2\/media\/4521"}],"wp:attachment":[{"href":"https:\/\/assulba.com.br\/index.php?rest_route=%2Fwp%2Fv2%2Fmedia&parent=2283"}],"wp:term":[{"taxonomy":"product_brand","embeddable":true,"href":"https:\/\/assulba.com.br\/index.php?rest_route=%2Fwp%2Fv2%2Fproduct_brand&post=2283"},{"taxonomy":"product_cat","embeddable":true,"href":"https:\/\/assulba.com.br\/index.php?rest_route=%2Fwp%2Fv2%2Fproduct_cat&post=2283"},{"taxonomy":"product_tag","embeddable":true,"href":"https:\/\/assulba.com.br\/index.php?rest_route=%2Fwp%2Fv2%2Fproduct_tag&post=2283"}],"curies":[{"name":"wp","href":"https:\/\/api.w.org\/{rel}","templated":true}]}}