{"id":2265,"date":"2018-02-08T18:42:36","date_gmt":"2018-02-08T21:42:36","guid":{"rendered":"http:\/\/assulba.com.br\/?post_type=product&#038;p=2265"},"modified":"2024-09-07T21:16:13","modified_gmt":"2024-09-08T00:16:13","slug":"luminaria-emergencia","status":"publish","type":"product","link":"https:\/\/assulba.com.br\/?product=luminaria-emergencia","title":{"rendered":"LUMIN\u00c1RIA DE EMERG\u00caNCIA NITROLUX"},"content":{"rendered":"","protected":false},"excerpt":{"rendered":"<p>Indicada para ambientes que necessitam ilumina\u00e7\u00e3o autom\u00e1tica em caso de falta de energia. Ex. escolas, supermercados, lojas, condom\u00ednios, etc.<\/p>\n<p>Pot\u00eancia  2W<br \/>\nTens\u00e3o AC100-240V<br \/>\nBateria 3,7V \/ 1200mAh<br \/>\nTemperatura de Cor: 6500K<br \/>\nLeds 30 Leds<br \/>\nAutonomia de 4H at\u00e9 7H<br \/>\nFluxo lum 60 lm(min) \/ 100 lm(m\u00e1x)<\/p>\n","protected":false},"featured_media":8928,"template":"","meta":[],"product_brand":[],"product_cat":[160,138],"product_tag":[125,127],"class_list":{"0":"post-2265","1":"product","2":"type-product","3":"status-publish","4":"has-post-thumbnail","6":"product_cat-cat_seguranca","7":"product_cat-cat_iluminacao","8":"product_tag-iluminacao","9":"product_tag-seguranca","11":"first","12":"instock","13":"shipping-taxable","14":"purchasable","15":"product-type-simple"},"jetpack_sharing_enabled":true,"_links":{"self":[{"href":"https:\/\/assulba.com.br\/index.php?rest_route=\/wp\/v2\/product\/2265","targetHints":{"allow":["GET"]}}],"collection":[{"href":"https:\/\/assulba.com.br\/index.php?rest_route=\/wp\/v2\/product"}],"about":[{"href":"https:\/\/assulba.com.br\/index.php?rest_route=\/wp\/v2\/types\/product"}],"wp:featuredmedia":[{"embeddable":true,"href":"https:\/\/assulba.com.br\/index.php?rest_route=\/wp\/v2\/media\/8928"}],"wp:attachment":[{"href":"https:\/\/assulba.com.br\/index.php?rest_route=%2Fwp%2Fv2%2Fmedia&parent=2265"}],"wp:term":[{"taxonomy":"product_brand","embeddable":true,"href":"https:\/\/assulba.com.br\/index.php?rest_route=%2Fwp%2Fv2%2Fproduct_brand&post=2265"},{"taxonomy":"product_cat","embeddable":true,"href":"https:\/\/assulba.com.br\/index.php?rest_route=%2Fwp%2Fv2%2Fproduct_cat&post=2265"},{"taxonomy":"product_tag","embeddable":true,"href":"https:\/\/assulba.com.br\/index.php?rest_route=%2Fwp%2Fv2%2Fproduct_tag&post=2265"}],"curies":[{"name":"wp","href":"https:\/\/api.w.org\/{rel}","templated":true}]}}