{"id":2260,"date":"2018-02-08T17:56:18","date_gmt":"2018-02-08T20:56:18","guid":{"rendered":"http:\/\/assulba.com.br\/?post_type=product&#038;p=2260"},"modified":"2024-03-24T13:14:00","modified_gmt":"2024-03-24T16:14:00","slug":"balizador-flexivel-para-sinalizacao","status":"publish","type":"product","link":"https:\/\/assulba.com.br\/?product=balizador-flexivel-para-sinalizacao","title":{"rendered":"Balizador flex\u00edvel para sinaliza\u00e7\u00e3o CITYLIMP"},"content":{"rendered":"","protected":false},"excerpt":{"rendered":"<p>REF. 4078<\/p>\n<p>Balizador Flex\u00edvel laranja, com prote\u00e7\u00e3o contra raios UVs, furo no topo para coloca\u00e7\u00e3o de placas, bandeirolas e sinalizadores, base com 3 furos para fixa\u00e7\u00e3o ao solo atrav\u00e9s de parafusos expans\u00edveis (n\u00e3o inclusos). O Poste flex\u00edvel \u00e9 indicado para canaliza\u00e7\u00e3o de tr\u00e2nsito, ciclovias, shoppings, estacionamentos, vias urbanas, corredores de \u00f4nibus e demais \u00e1reas onde h\u00e1 risco de impacto com autos pois preserva sua forma original por ser extra flex\u00edvel e a integridade do m\u00f3vel. Extremamente resistente \u00e0s condi\u00e7\u00f5es clim\u00e1ticas e impactos com ve\u00edculos. Fita Refletiva.<\/p>\n","protected":false},"featured_media":9290,"template":"","meta":[],"product_brand":[],"product_cat":[160],"product_tag":[16,127,17],"class_list":{"0":"post-2260","1":"product","2":"type-product","3":"status-publish","4":"has-post-thumbnail","6":"product_cat-cat_seguranca","7":"product_tag-garagem","8":"product_tag-seguranca","9":"product_tag-sinalizacao","11":"first","12":"instock","13":"shipping-taxable","14":"purchasable","15":"product-type-simple"},"jetpack_sharing_enabled":true,"_links":{"self":[{"href":"https:\/\/assulba.com.br\/index.php?rest_route=\/wp\/v2\/product\/2260","targetHints":{"allow":["GET"]}}],"collection":[{"href":"https:\/\/assulba.com.br\/index.php?rest_route=\/wp\/v2\/product"}],"about":[{"href":"https:\/\/assulba.com.br\/index.php?rest_route=\/wp\/v2\/types\/product"}],"wp:featuredmedia":[{"embeddable":true,"href":"https:\/\/assulba.com.br\/index.php?rest_route=\/wp\/v2\/media\/9290"}],"wp:attachment":[{"href":"https:\/\/assulba.com.br\/index.php?rest_route=%2Fwp%2Fv2%2Fmedia&parent=2260"}],"wp:term":[{"taxonomy":"product_brand","embeddable":true,"href":"https:\/\/assulba.com.br\/index.php?rest_route=%2Fwp%2Fv2%2Fproduct_brand&post=2260"},{"taxonomy":"product_cat","embeddable":true,"href":"https:\/\/assulba.com.br\/index.php?rest_route=%2Fwp%2Fv2%2Fproduct_cat&post=2260"},{"taxonomy":"product_tag","embeddable":true,"href":"https:\/\/assulba.com.br\/index.php?rest_route=%2Fwp%2Fv2%2Fproduct_tag&post=2260"}],"curies":[{"name":"wp","href":"https:\/\/api.w.org\/{rel}","templated":true}]}}