{"id":2072,"date":"2018-01-06T12:14:44","date_gmt":"2018-01-06T15:14:44","guid":{"rendered":"http:\/\/assulba.com.br\/?post_type=product&#038;p=2072"},"modified":"2024-03-17T01:01:58","modified_gmt":"2024-03-17T04:01:58","slug":"limpeza-suporte-limpa-tudo-lt","status":"publish","type":"product","link":"https:\/\/assulba.com.br\/?product=limpeza-suporte-limpa-tudo-lt","title":{"rendered":"SUPORTE LT LIMPA TUDO EURO BRALIMPIA"},"content":{"rendered":"","protected":false},"excerpt":{"rendered":"<p>Suportes para fibras abrasivas de limpeza <a href=\"https:\/\/assulba.com.br\/?product=fibra-macia-em-pacote-10-unids-bralimpia\"><span style=\"text-decoration: underline;\">Leve<\/span><\/a> e <a href=\"https:\/\/assulba.com.br\/?product=fibra\"><span style=\"text-decoration: underline;\">Pesada,<\/span><\/a>\u00a0para o <a href=\"https:\/\/assulba.com.br\/?product=refil-microlav-com-velcro-bralimpia\"><span style=\"text-decoration: underline;\">Refil Microlav<\/span><\/a> e <a href=\"https:\/\/assulba.com.br\/?product=refil-mop-po-de-parede-profi-bralimpia\"><span style=\"text-decoration: underline;\">Refil Mop P\u00f3 de Parede<\/span><\/a>. Com jun\u00e7\u00e3o articulada, pode ser utilizado em pisos, paredes e diversas superf\u00edcies. Quando utilizado com a <a href=\"https:\/\/assulba.com.br\/?product=limpeza-cabo-extensao-telescopica\"><span style=\"text-decoration: underline;\">Extens\u00e3o Telesc\u00f3pica<\/span><\/a>, alcan\u00e7a \u00e1reas em alturas de at\u00e9 9 metros e previne acidentes com andaimes e escadas. Permitem limpar qualquer tipo de superf\u00edcie com facilidade e efici\u00eancia, em fun\u00e7\u00e3o da articula\u00e7\u00e3o no suporte. Tamb\u00e9m \u00e9 adequado para o uso com o <a href=\"https:\/\/assulba.com.br\/?product=cabo-de-aluminio-telescopico-140cm-bralimpia\"><span style=\"text-decoration: underline;\">Cabo Telesc\u00f3pico<\/span><\/a>\u00a0ou <a href=\"https:\/\/assulba.com.br\/?product=cabos-ergonomicos-de-aluminio\"><span style=\"text-decoration: underline;\">Cabo de 1,40 cm de Alum\u00ednio<\/span><\/a>. Dimens\u00f5es: 23 cm x 10 cm.<\/p>\n","protected":false},"featured_media":4866,"template":"","meta":[],"product_brand":[],"product_cat":[135,310,309],"product_tag":[131,27,130],"class_list":{"0":"post-2072","1":"product","2":"type-product","3":"status-publish","4":"has-post-thumbnail","6":"product_cat-cat_limpeza","7":"product_cat-cat_limpeza_umida","8":"product_cat-cat_limpeza_seca","9":"product_tag-bralimpia","10":"product_tag-limpeza","11":"product_tag-suportes","13":"first","14":"instock","15":"shipping-taxable","16":"purchasable","17":"product-type-simple"},"jetpack_sharing_enabled":true,"_links":{"self":[{"href":"https:\/\/assulba.com.br\/index.php?rest_route=\/wp\/v2\/product\/2072","targetHints":{"allow":["GET"]}}],"collection":[{"href":"https:\/\/assulba.com.br\/index.php?rest_route=\/wp\/v2\/product"}],"about":[{"href":"https:\/\/assulba.com.br\/index.php?rest_route=\/wp\/v2\/types\/product"}],"wp:featuredmedia":[{"embeddable":true,"href":"https:\/\/assulba.com.br\/index.php?rest_route=\/wp\/v2\/media\/4866"}],"wp:attachment":[{"href":"https:\/\/assulba.com.br\/index.php?rest_route=%2Fwp%2Fv2%2Fmedia&parent=2072"}],"wp:term":[{"taxonomy":"product_brand","embeddable":true,"href":"https:\/\/assulba.com.br\/index.php?rest_route=%2Fwp%2Fv2%2Fproduct_brand&post=2072"},{"taxonomy":"product_cat","embeddable":true,"href":"https:\/\/assulba.com.br\/index.php?rest_route=%2Fwp%2Fv2%2Fproduct_cat&post=2072"},{"taxonomy":"product_tag","embeddable":true,"href":"https:\/\/assulba.com.br\/index.php?rest_route=%2Fwp%2Fv2%2Fproduct_tag&post=2072"}],"curies":[{"name":"wp","href":"https:\/\/api.w.org\/{rel}","templated":true}]}}