{"id":2046,"date":"2018-01-04T13:03:38","date_gmt":"2018-01-04T16:03:38","guid":{"rendered":"http:\/\/assulba.com.br\/?post_type=product&#038;p=2046"},"modified":"2024-03-17T01:01:58","modified_gmt":"2024-03-17T04:01:58","slug":"lixeira-inox-com-aro","status":"publish","type":"product","link":"https:\/\/assulba.com.br\/?product=lixeira-inox-com-aro","title":{"rendered":"LIXEIRAS INOX ARO, 21L, 28L, OU 40L BRINOX"},"content":{"rendered":"","protected":false},"excerpt":{"rendered":"<p>Corpo em a\u00e7o inox com acabamento alto brilho n\u00e3o apresenta porosidades, o que evita o ac\u00famulo de res\u00edduos e facilita a limpeza. O aro facilita o manuseio da pe\u00e7a e o fundo pl\u00e1stico protege a lixeira, o que garante longa vida \u00fatil ao produto.<\/p>\n<hr \/>\n<p><strong>OP\u00c7\u00d5ES DE TAMANHOS<\/strong><br \/>\n21L (A 46cm; L 25cm; C 25cm)<br \/>\n28L (A 60cm; L 25cm; C 25cm)<br \/>\n40L (A 60cm; L 30cm; C 30cm)<\/p>\n","protected":false},"featured_media":3254,"template":"","meta":[],"product_brand":[],"product_cat":[21,314],"product_tag":[31,70],"class_list":{"0":"post-2046","1":"product","2":"type-product","3":"status-publish","4":"has-post-thumbnail","6":"product_cat-cat_lixeiras","7":"product_cat-cat_lixeirainox","8":"product_tag-inox","9":"product_tag-lixeiras","11":"first","12":"instock","13":"shipping-taxable","14":"purchasable","15":"product-type-variable"},"jetpack_sharing_enabled":true,"_links":{"self":[{"href":"https:\/\/assulba.com.br\/index.php?rest_route=\/wp\/v2\/product\/2046","targetHints":{"allow":["GET"]}}],"collection":[{"href":"https:\/\/assulba.com.br\/index.php?rest_route=\/wp\/v2\/product"}],"about":[{"href":"https:\/\/assulba.com.br\/index.php?rest_route=\/wp\/v2\/types\/product"}],"wp:featuredmedia":[{"embeddable":true,"href":"https:\/\/assulba.com.br\/index.php?rest_route=\/wp\/v2\/media\/3254"}],"wp:attachment":[{"href":"https:\/\/assulba.com.br\/index.php?rest_route=%2Fwp%2Fv2%2Fmedia&parent=2046"}],"wp:term":[{"taxonomy":"product_brand","embeddable":true,"href":"https:\/\/assulba.com.br\/index.php?rest_route=%2Fwp%2Fv2%2Fproduct_brand&post=2046"},{"taxonomy":"product_cat","embeddable":true,"href":"https:\/\/assulba.com.br\/index.php?rest_route=%2Fwp%2Fv2%2Fproduct_cat&post=2046"},{"taxonomy":"product_tag","embeddable":true,"href":"https:\/\/assulba.com.br\/index.php?rest_route=%2Fwp%2Fv2%2Fproduct_tag&post=2046"}],"curies":[{"name":"wp","href":"https:\/\/api.w.org\/{rel}","templated":true}]}}