{"id":2044,"date":"2018-01-04T12:54:36","date_gmt":"2018-01-04T15:54:36","guid":{"rendered":"http:\/\/assulba.com.br\/?post_type=product&#038;p=2044"},"modified":"2024-03-17T01:01:58","modified_gmt":"2024-03-17T04:01:58","slug":"lixeira-1-2-lua","status":"publish","type":"product","link":"https:\/\/assulba.com.br\/?product=lixeira-1-2-lua","title":{"rendered":"LIXEIRAS INOX \u00bd LUA, 16L, 40L, OU 47L BRINOX"},"content":{"rendered":"","protected":false},"excerpt":{"rendered":"<p>Acabamento em alto brilho n\u00e3o possui porosidades, o que evita o ac\u00famulo de res\u00edduos e facilita a limpeza. A tampa em meia-lua evita que o conte\u00fado do recipiente seja vis\u00edvel e que odores se proliferem. A lixeira Decorline com tampa em meia-lua est\u00e1 dispon\u00edvel em seis tamanhos e \u00e9 perfeita para os mais diversos ambientes da sua casa ou empresa.<\/p>\n<hr \/>\n<p><strong>OP\u00c7\u00d5ES DE TAMANHOS<\/strong><br \/>\n16L (A 59cm; L 20cm; C 20cm)<br \/>\n40L (A 60cm; L 30cm; C 30cm)<br \/>\n47L (A 70cm; L 30cm; C 30cm)<\/p>\n","protected":false},"featured_media":5790,"template":"","meta":[],"product_brand":[],"product_cat":[21,314],"product_tag":[31,70],"class_list":{"0":"post-2044","1":"product","2":"type-product","3":"status-publish","4":"has-post-thumbnail","6":"product_cat-cat_lixeiras","7":"product_cat-cat_lixeirainox","8":"product_tag-inox","9":"product_tag-lixeiras","11":"first","12":"instock","13":"shipping-taxable","14":"purchasable","15":"product-type-variable"},"jetpack_sharing_enabled":true,"_links":{"self":[{"href":"https:\/\/assulba.com.br\/index.php?rest_route=\/wp\/v2\/product\/2044","targetHints":{"allow":["GET"]}}],"collection":[{"href":"https:\/\/assulba.com.br\/index.php?rest_route=\/wp\/v2\/product"}],"about":[{"href":"https:\/\/assulba.com.br\/index.php?rest_route=\/wp\/v2\/types\/product"}],"wp:featuredmedia":[{"embeddable":true,"href":"https:\/\/assulba.com.br\/index.php?rest_route=\/wp\/v2\/media\/5790"}],"wp:attachment":[{"href":"https:\/\/assulba.com.br\/index.php?rest_route=%2Fwp%2Fv2%2Fmedia&parent=2044"}],"wp:term":[{"taxonomy":"product_brand","embeddable":true,"href":"https:\/\/assulba.com.br\/index.php?rest_route=%2Fwp%2Fv2%2Fproduct_brand&post=2044"},{"taxonomy":"product_cat","embeddable":true,"href":"https:\/\/assulba.com.br\/index.php?rest_route=%2Fwp%2Fv2%2Fproduct_cat&post=2044"},{"taxonomy":"product_tag","embeddable":true,"href":"https:\/\/assulba.com.br\/index.php?rest_route=%2Fwp%2Fv2%2Fproduct_tag&post=2044"}],"curies":[{"name":"wp","href":"https:\/\/api.w.org\/{rel}","templated":true}]}}