{"id":2020,"date":"2018-01-02T22:52:41","date_gmt":"2018-01-03T01:52:41","guid":{"rendered":"http:\/\/assulba.com.br\/?post_type=product&#038;p=2020"},"modified":"2024-03-17T01:01:58","modified_gmt":"2024-03-17T04:01:58","slug":"cabos-ergonomicos-de-aluminio","status":"publish","type":"product","link":"https:\/\/assulba.com.br\/?product=cabos-ergonomicos-de-aluminio","title":{"rendered":"Cabos ergon\u00f4micos de alum\u00ednio Bralimpia"},"content":{"rendered":"","protected":false},"excerpt":{"rendered":"<p>Os cabos tem a\u00a0altura certa para\u00a0oferecerem excelente durabilidade e ergonomia, \u00a0permitindo aos operadores manterem a sua\u00a0 postura ereta, evitando danos \u00e0 sa\u00fade.<\/p>\n<p>Podem ser facilmente higienizados e s\u00e3o fornecidos em diversas vers\u00f5es, com e sem encaixes ou roscas para fixa\u00e7\u00e3o.<\/p>\n<p>Os cabos fabricados em alum\u00ednio anodizado quando coloridos, apresentam pintura eletrost\u00e1tica de alta resist\u00eancia e em 5\u00a0cores\u00a0 apresentadas: Vermelho, Azul, Amarelo, Verde e Fosco.<\/p>\n<p>Possuem manoplas\u00a0para que possam oferecer seguran\u00e7a e conforto ao usu\u00e1rio na realiza\u00e7\u00e3o das tarefas de limpeza.<\/p>\n<p>Os cabos coloridos permitem a identifica\u00e7\u00e3o e a diferencia\u00e7\u00e3o das \u00e1reas de trabalho e este procedimento est\u00e1 adequado conforme a NR 32.<\/p>\n","protected":false},"featured_media":2021,"template":"","meta":[],"product_brand":[],"product_cat":[135,310,309],"product_tag":[131,134,111,27,110,52],"class_list":{"0":"post-2020","1":"product","2":"type-product","3":"status-publish","4":"has-post-thumbnail","6":"product_cat-cat_limpeza","7":"product_cat-cat_limpeza_umida","8":"product_cat-cat_limpeza_seca","9":"product_tag-bralimpia","10":"product_tag-cabos","11":"product_tag-escova","12":"product_tag-limpeza","13":"product_tag-mops","14":"product_tag-vassoura","16":"first","17":"instock","18":"shipping-taxable","19":"purchasable","20":"product-type-simple"},"jetpack_sharing_enabled":true,"_links":{"self":[{"href":"https:\/\/assulba.com.br\/index.php?rest_route=\/wp\/v2\/product\/2020","targetHints":{"allow":["GET"]}}],"collection":[{"href":"https:\/\/assulba.com.br\/index.php?rest_route=\/wp\/v2\/product"}],"about":[{"href":"https:\/\/assulba.com.br\/index.php?rest_route=\/wp\/v2\/types\/product"}],"wp:featuredmedia":[{"embeddable":true,"href":"https:\/\/assulba.com.br\/index.php?rest_route=\/wp\/v2\/media\/2021"}],"wp:attachment":[{"href":"https:\/\/assulba.com.br\/index.php?rest_route=%2Fwp%2Fv2%2Fmedia&parent=2020"}],"wp:term":[{"taxonomy":"product_brand","embeddable":true,"href":"https:\/\/assulba.com.br\/index.php?rest_route=%2Fwp%2Fv2%2Fproduct_brand&post=2020"},{"taxonomy":"product_cat","embeddable":true,"href":"https:\/\/assulba.com.br\/index.php?rest_route=%2Fwp%2Fv2%2Fproduct_cat&post=2020"},{"taxonomy":"product_tag","embeddable":true,"href":"https:\/\/assulba.com.br\/index.php?rest_route=%2Fwp%2Fv2%2Fproduct_tag&post=2020"}],"curies":[{"name":"wp","href":"https:\/\/api.w.org\/{rel}","templated":true}]}}