{"id":2016,"date":"2018-01-02T21:57:33","date_gmt":"2018-01-02T21:57:33","guid":{"rendered":"http:\/\/assulba.com.br\/?post_type=product&#038;p=2016"},"modified":"2024-03-17T01:01:58","modified_gmt":"2024-03-17T04:01:58","slug":"display-de-parede-em-acrilico","status":"publish","type":"product","link":"https:\/\/assulba.com.br\/?product=display-de-parede-em-acrilico","title":{"rendered":"DISPLAY A4 DE PAREDE EM ACR\u00cdLICO E INOX"},"content":{"rendered":"","protected":false},"excerpt":{"rendered":"<p>REF. 0651<\/p>\n<p>Produto para exposi\u00e7\u00e3o de documentos, avisos, impressos, no formato A4. Fabricado em acr\u00edlico cristal 100% com acabamento nas bordas laterais em a\u00e7o inox. Acompanha fita dupla-face para fixa\u00e7\u00e3o em superf\u00edcies, como paredes, m\u00f3veis, m\u00e1quinas, vidros e etc.<\/p>\n","protected":false},"featured_media":5267,"template":"","meta":[],"product_brand":[],"product_cat":[20],"product_tag":[129],"class_list":{"0":"post-2016","1":"product","2":"type-product","3":"status-publish","4":"has-post-thumbnail","6":"product_cat-cat_logistica","7":"product_tag-quadro-de-avisos","9":"first","10":"instock","11":"shipping-taxable","12":"purchasable","13":"product-type-simple"},"jetpack_sharing_enabled":true,"_links":{"self":[{"href":"https:\/\/assulba.com.br\/index.php?rest_route=\/wp\/v2\/product\/2016","targetHints":{"allow":["GET"]}}],"collection":[{"href":"https:\/\/assulba.com.br\/index.php?rest_route=\/wp\/v2\/product"}],"about":[{"href":"https:\/\/assulba.com.br\/index.php?rest_route=\/wp\/v2\/types\/product"}],"wp:featuredmedia":[{"embeddable":true,"href":"https:\/\/assulba.com.br\/index.php?rest_route=\/wp\/v2\/media\/5267"}],"wp:attachment":[{"href":"https:\/\/assulba.com.br\/index.php?rest_route=%2Fwp%2Fv2%2Fmedia&parent=2016"}],"wp:term":[{"taxonomy":"product_brand","embeddable":true,"href":"https:\/\/assulba.com.br\/index.php?rest_route=%2Fwp%2Fv2%2Fproduct_brand&post=2016"},{"taxonomy":"product_cat","embeddable":true,"href":"https:\/\/assulba.com.br\/index.php?rest_route=%2Fwp%2Fv2%2Fproduct_cat&post=2016"},{"taxonomy":"product_tag","embeddable":true,"href":"https:\/\/assulba.com.br\/index.php?rest_route=%2Fwp%2Fv2%2Fproduct_tag&post=2016"}],"curies":[{"name":"wp","href":"https:\/\/api.w.org\/{rel}","templated":true}]}}