{"id":2010,"date":"2018-01-02T20:34:28","date_gmt":"2018-01-02T23:34:28","guid":{"rendered":"http:\/\/assulba.com.br\/?post_type=product&#038;p=2010"},"modified":"2024-03-17T01:01:58","modified_gmt":"2024-03-17T04:01:58","slug":"lampadas-led","status":"publish","type":"product","link":"https:\/\/assulba.com.br\/?product=lampadas-led","title":{"rendered":"L\u00c2MPADA 9W LED TASCHIBRA"},"content":{"rendered":"","protected":false},"excerpt":{"rendered":"<p>Modelo dispon\u00edvel de 9W de pot\u00eancia<\/p>\n","protected":false},"featured_media":9425,"template":"","meta":[],"product_brand":[],"product_cat":[138],"product_tag":[57,125],"class_list":{"0":"post-2010","1":"product","2":"type-product","3":"status-publish","4":"has-post-thumbnail","6":"product_cat-cat_iluminacao","7":"product_tag-eletrico","8":"product_tag-iluminacao","10":"first","11":"instock","12":"shipping-taxable","13":"purchasable","14":"product-type-simple"},"jetpack_sharing_enabled":true,"_links":{"self":[{"href":"https:\/\/assulba.com.br\/index.php?rest_route=\/wp\/v2\/product\/2010","targetHints":{"allow":["GET"]}}],"collection":[{"href":"https:\/\/assulba.com.br\/index.php?rest_route=\/wp\/v2\/product"}],"about":[{"href":"https:\/\/assulba.com.br\/index.php?rest_route=\/wp\/v2\/types\/product"}],"wp:featuredmedia":[{"embeddable":true,"href":"https:\/\/assulba.com.br\/index.php?rest_route=\/wp\/v2\/media\/9425"}],"wp:attachment":[{"href":"https:\/\/assulba.com.br\/index.php?rest_route=%2Fwp%2Fv2%2Fmedia&parent=2010"}],"wp:term":[{"taxonomy":"product_brand","embeddable":true,"href":"https:\/\/assulba.com.br\/index.php?rest_route=%2Fwp%2Fv2%2Fproduct_brand&post=2010"},{"taxonomy":"product_cat","embeddable":true,"href":"https:\/\/assulba.com.br\/index.php?rest_route=%2Fwp%2Fv2%2Fproduct_cat&post=2010"},{"taxonomy":"product_tag","embeddable":true,"href":"https:\/\/assulba.com.br\/index.php?rest_route=%2Fwp%2Fv2%2Fproduct_tag&post=2010"}],"curies":[{"name":"wp","href":"https:\/\/api.w.org\/{rel}","templated":true}]}}