{"id":2001,"date":"2018-01-02T17:29:33","date_gmt":"2018-01-02T20:29:33","guid":{"rendered":"http:\/\/assulba.com.br\/?post_type=product&#038;p=2001"},"modified":"2024-03-17T01:01:58","modified_gmt":"2024-03-17T04:01:58","slug":"armario-para-chaveiros","status":"publish","type":"product","link":"https:\/\/assulba.com.br\/?product=armario-para-chaveiros","title":{"rendered":"Arm\u00e1rios para chaveiros ACRIMET"},"content":{"rendered":"","protected":false},"excerpt":{"rendered":"<p>Arm\u00e1rios fabricados em MDF na cor areia, com \u00f3timo acabamento. Acompanha chaveiros em cores sortidas e etiquetas de identifica\u00e7\u00e3o. Possui fechadura na porta, com duas chaves. Acompanha parafusos para fixa\u00e7\u00e3o do arm\u00e1rio.<\/p>\n<hr \/>\n<p><strong>OP\u00c7\u00d5ES DE MODELOS<\/strong><br \/>\n24 chaveiros<br \/>\n48 chaveiros<br \/>\n64 chaveiros<\/p>\n","protected":false},"featured_media":5838,"template":"","meta":[],"product_brand":[],"product_cat":[303,20],"product_tag":[128],"class_list":{"0":"post-2001","1":"product","2":"type-product","3":"status-publish","4":"has-post-thumbnail","6":"product_cat-servico-espera","7":"product_cat-cat_logistica","8":"product_tag-quadro-de-chaves","10":"first","11":"instock","12":"shipping-taxable","13":"purchasable","14":"product-type-variable"},"jetpack_sharing_enabled":true,"_links":{"self":[{"href":"https:\/\/assulba.com.br\/index.php?rest_route=\/wp\/v2\/product\/2001","targetHints":{"allow":["GET"]}}],"collection":[{"href":"https:\/\/assulba.com.br\/index.php?rest_route=\/wp\/v2\/product"}],"about":[{"href":"https:\/\/assulba.com.br\/index.php?rest_route=\/wp\/v2\/types\/product"}],"wp:featuredmedia":[{"embeddable":true,"href":"https:\/\/assulba.com.br\/index.php?rest_route=\/wp\/v2\/media\/5838"}],"wp:attachment":[{"href":"https:\/\/assulba.com.br\/index.php?rest_route=%2Fwp%2Fv2%2Fmedia&parent=2001"}],"wp:term":[{"taxonomy":"product_brand","embeddable":true,"href":"https:\/\/assulba.com.br\/index.php?rest_route=%2Fwp%2Fv2%2Fproduct_brand&post=2001"},{"taxonomy":"product_cat","embeddable":true,"href":"https:\/\/assulba.com.br\/index.php?rest_route=%2Fwp%2Fv2%2Fproduct_cat&post=2001"},{"taxonomy":"product_tag","embeddable":true,"href":"https:\/\/assulba.com.br\/index.php?rest_route=%2Fwp%2Fv2%2Fproduct_tag&post=2001"}],"curies":[{"name":"wp","href":"https:\/\/api.w.org\/{rel}","templated":true}]}}