{"id":1995,"date":"2018-01-02T15:43:23","date_gmt":"2018-01-02T18:43:23","guid":{"rendered":"http:\/\/assulba.com.br\/?post_type=product&#038;p=1995"},"modified":"2024-03-17T01:01:58","modified_gmt":"2024-03-17T04:01:58","slug":"sinalizador-portao-de-garagem","status":"publish","type":"product","link":"https:\/\/assulba.com.br\/?product=sinalizador-portao-de-garagem","title":{"rendered":"Sinalizador veicular para garagem"},"content":{"rendered":"","protected":false},"excerpt":{"rendered":"<p>REF. 0016<\/p>\n<p>O Sinalizador de Garagem &#8220;Cuidado Ve\u00edculos&#8221;, tem caixa em chapa de a\u00e7o galvanizado com pintura ep\u00f3xi eletrost\u00e1tico poli\u00e9ster, para evitar a a\u00e7\u00e3o da ferrugem.<\/p>\n<p>Lentes em acr\u00edlico resistente e soquetes em porcelana de alta qualidade. Com l\u00e2mpadas de 40 watts utilizadas em geladeira, assegura alta durabilidade.<\/p>\n<p>Dimens\u00f5es (C x A x P):61,2 x 13 x 7,5 cm.<\/p>\n<p>Garantia:6 meses \u00e0 partir da data da compra.<\/p>\n","protected":false},"featured_media":4542,"template":"","meta":[],"product_brand":[],"product_cat":[160],"product_tag":[57,16,17],"class_list":{"0":"post-1995","1":"product","2":"type-product","3":"status-publish","4":"has-post-thumbnail","6":"product_cat-cat_seguranca","7":"product_tag-eletrico","8":"product_tag-garagem","9":"product_tag-sinalizacao","11":"first","12":"instock","13":"shipping-taxable","14":"purchasable","15":"product-type-simple"},"jetpack_sharing_enabled":true,"_links":{"self":[{"href":"https:\/\/assulba.com.br\/index.php?rest_route=\/wp\/v2\/product\/1995","targetHints":{"allow":["GET"]}}],"collection":[{"href":"https:\/\/assulba.com.br\/index.php?rest_route=\/wp\/v2\/product"}],"about":[{"href":"https:\/\/assulba.com.br\/index.php?rest_route=\/wp\/v2\/types\/product"}],"wp:featuredmedia":[{"embeddable":true,"href":"https:\/\/assulba.com.br\/index.php?rest_route=\/wp\/v2\/media\/4542"}],"wp:attachment":[{"href":"https:\/\/assulba.com.br\/index.php?rest_route=%2Fwp%2Fv2%2Fmedia&parent=1995"}],"wp:term":[{"taxonomy":"product_brand","embeddable":true,"href":"https:\/\/assulba.com.br\/index.php?rest_route=%2Fwp%2Fv2%2Fproduct_brand&post=1995"},{"taxonomy":"product_cat","embeddable":true,"href":"https:\/\/assulba.com.br\/index.php?rest_route=%2Fwp%2Fv2%2Fproduct_cat&post=1995"},{"taxonomy":"product_tag","embeddable":true,"href":"https:\/\/assulba.com.br\/index.php?rest_route=%2Fwp%2Fv2%2Fproduct_tag&post=1995"}],"curies":[{"name":"wp","href":"https:\/\/api.w.org\/{rel}","templated":true}]}}