{"id":1983,"date":"2018-01-02T10:15:32","date_gmt":"2018-01-02T10:15:32","guid":{"rendered":"http:\/\/assulba.com.br\/?post_type=product&#038;p=1983"},"modified":"2024-03-17T01:01:58","modified_gmt":"2024-03-17T04:01:58","slug":"cones-de-sinalizacao-75-e-50cm","status":"publish","type":"product","link":"https:\/\/assulba.com.br\/?product=cones-de-sinalizacao-75-e-50cm","title":{"rendered":"CONES DE SINALIZA\u00c7\u00c3O 75CM"},"content":{"rendered":"","protected":false},"excerpt":{"rendered":"<p>Indicados para sinaliza\u00e7\u00e3o em geral, em condom\u00ednios, p\u00e1tios de ind\u00fastrias, supermercados, shopping centers, estacionamentos, entre outros.<br \/>\nMaterial: PP. Tamanho: C 39cm x L 39cm x A 75cm.<\/p>\n<p><strong>OP\u00c7\u00d5ES DE CORES<\/strong><br \/>\nPreto\/Amarelo<br \/>\nLaranja\/Branco<\/p>\n","protected":false},"featured_media":5675,"template":"","meta":[],"product_brand":[],"product_cat":[160],"product_tag":[16,127,17],"class_list":{"0":"post-1983","1":"product","2":"type-product","3":"status-publish","4":"has-post-thumbnail","6":"product_cat-cat_seguranca","7":"product_tag-garagem","8":"product_tag-seguranca","9":"product_tag-sinalizacao","11":"first","12":"instock","13":"shipping-taxable","14":"purchasable","15":"product-type-variable"},"jetpack_sharing_enabled":true,"_links":{"self":[{"href":"https:\/\/assulba.com.br\/index.php?rest_route=\/wp\/v2\/product\/1983","targetHints":{"allow":["GET"]}}],"collection":[{"href":"https:\/\/assulba.com.br\/index.php?rest_route=\/wp\/v2\/product"}],"about":[{"href":"https:\/\/assulba.com.br\/index.php?rest_route=\/wp\/v2\/types\/product"}],"wp:featuredmedia":[{"embeddable":true,"href":"https:\/\/assulba.com.br\/index.php?rest_route=\/wp\/v2\/media\/5675"}],"wp:attachment":[{"href":"https:\/\/assulba.com.br\/index.php?rest_route=%2Fwp%2Fv2%2Fmedia&parent=1983"}],"wp:term":[{"taxonomy":"product_brand","embeddable":true,"href":"https:\/\/assulba.com.br\/index.php?rest_route=%2Fwp%2Fv2%2Fproduct_brand&post=1983"},{"taxonomy":"product_cat","embeddable":true,"href":"https:\/\/assulba.com.br\/index.php?rest_route=%2Fwp%2Fv2%2Fproduct_cat&post=1983"},{"taxonomy":"product_tag","embeddable":true,"href":"https:\/\/assulba.com.br\/index.php?rest_route=%2Fwp%2Fv2%2Fproduct_tag&post=1983"}],"curies":[{"name":"wp","href":"https:\/\/api.w.org\/{rel}","templated":true}]}}