{"id":161,"date":"2017-11-11T02:03:24","date_gmt":"2017-11-11T05:03:24","guid":{"rendered":"http:\/\/assulba.com.br\/?post_type=product&#038;p=161"},"modified":"2024-03-17T01:03:13","modified_gmt":"2024-03-17T04:03:13","slug":"bebedouro-bag-40","status":"publish","type":"product","link":"https:\/\/assulba.com.br\/?product=bebedouro-bag-40","title":{"rendered":"PURIFICADOR IBBL PURIPRESS 40 INOX"},"content":{"rendered":"","protected":false},"excerpt":{"rendered":"<p>O Purificador de \u00c1gua IBBL Puripress 40 Inox \u00e9 voltado para espa\u00e7os de grande circula\u00e7\u00e3o e pode ser instalado em ambientes externos ou internos. Disp\u00f5e de duas torneiras (para copo e para boca) e capacidade de fornecimento de \u00e1gua gelada de 2 litros por hora. Utiliza o filtro C+3 (girou-trocou) que possibilita a substitui\u00e7\u00e3o r\u00e1pida e f\u00e1cil, quando necess\u00e1rio. Possui tr\u00eas etapas para reten\u00e7\u00e3o de part\u00edculas na \u00e1gua e \u00e9 eficaz na redu\u00e7\u00e3o do cloro. Dimens\u00f5es: A 112cm x L 32cm x P 32cm.<\/p>\n","protected":false},"featured_media":4772,"template":"","meta":[],"product_brand":[],"product_cat":[303],"product_tag":[98,57,29,31],"class_list":{"0":"post-161","1":"product","2":"type-product","3":"status-publish","4":"has-post-thumbnail","6":"product_cat-servico-espera","7":"product_tag-agua","8":"product_tag-eletrico","9":"product_tag-ibbl","10":"product_tag-inox","12":"first","13":"instock","14":"shipping-taxable","15":"purchasable","16":"product-type-simple"},"jetpack_sharing_enabled":true,"_links":{"self":[{"href":"https:\/\/assulba.com.br\/index.php?rest_route=\/wp\/v2\/product\/161","targetHints":{"allow":["GET"]}}],"collection":[{"href":"https:\/\/assulba.com.br\/index.php?rest_route=\/wp\/v2\/product"}],"about":[{"href":"https:\/\/assulba.com.br\/index.php?rest_route=\/wp\/v2\/types\/product"}],"wp:featuredmedia":[{"embeddable":true,"href":"https:\/\/assulba.com.br\/index.php?rest_route=\/wp\/v2\/media\/4772"}],"wp:attachment":[{"href":"https:\/\/assulba.com.br\/index.php?rest_route=%2Fwp%2Fv2%2Fmedia&parent=161"}],"wp:term":[{"taxonomy":"product_brand","embeddable":true,"href":"https:\/\/assulba.com.br\/index.php?rest_route=%2Fwp%2Fv2%2Fproduct_brand&post=161"},{"taxonomy":"product_cat","embeddable":true,"href":"https:\/\/assulba.com.br\/index.php?rest_route=%2Fwp%2Fv2%2Fproduct_cat&post=161"},{"taxonomy":"product_tag","embeddable":true,"href":"https:\/\/assulba.com.br\/index.php?rest_route=%2Fwp%2Fv2%2Fproduct_tag&post=161"}],"curies":[{"name":"wp","href":"https:\/\/api.w.org\/{rel}","templated":true}]}}