{"id":159,"date":"2017-11-11T01:59:16","date_gmt":"2017-11-11T04:59:16","guid":{"rendered":"http:\/\/assulba.com.br\/?post_type=product&#038;p=159"},"modified":"2024-03-17T01:03:13","modified_gmt":"2024-03-17T04:03:13","slug":"sabonete-liquido-5-litros","status":"publish","type":"product","link":"https:\/\/assulba.com.br\/?product=sabonete-liquido-5-litros","title":{"rendered":"SABONETE L\u00cdQUIDO ERVA DOCE SOFT PLUS TRILHA 5L"},"content":{"rendered":"","protected":false},"excerpt":{"rendered":"<p>Sabonete com fragr\u00e2ncia de erva doce, perolado, ideal para uso em saboneteiras com reservat\u00f3rio. Gal\u00e3o com 5 litros.<\/p>\n","protected":false},"featured_media":6275,"template":"","meta":[],"product_brand":[],"product_cat":[22,153],"product_tag":[83,91,162,95],"class_list":{"0":"post-159","1":"product","2":"type-product","3":"status-publish","4":"has-post-thumbnail","6":"product_cat-banheiro","7":"product_cat-quimicos","8":"product_tag-banheiro","9":"product_tag-dispenser","10":"product_tag-higiene","11":"product_tag-saboneteira","13":"first","14":"instock","15":"shipping-taxable","16":"purchasable","17":"product-type-simple"},"jetpack_sharing_enabled":true,"_links":{"self":[{"href":"https:\/\/assulba.com.br\/index.php?rest_route=\/wp\/v2\/product\/159","targetHints":{"allow":["GET"]}}],"collection":[{"href":"https:\/\/assulba.com.br\/index.php?rest_route=\/wp\/v2\/product"}],"about":[{"href":"https:\/\/assulba.com.br\/index.php?rest_route=\/wp\/v2\/types\/product"}],"wp:featuredmedia":[{"embeddable":true,"href":"https:\/\/assulba.com.br\/index.php?rest_route=\/wp\/v2\/media\/6275"}],"wp:attachment":[{"href":"https:\/\/assulba.com.br\/index.php?rest_route=%2Fwp%2Fv2%2Fmedia&parent=159"}],"wp:term":[{"taxonomy":"product_brand","embeddable":true,"href":"https:\/\/assulba.com.br\/index.php?rest_route=%2Fwp%2Fv2%2Fproduct_brand&post=159"},{"taxonomy":"product_cat","embeddable":true,"href":"https:\/\/assulba.com.br\/index.php?rest_route=%2Fwp%2Fv2%2Fproduct_cat&post=159"},{"taxonomy":"product_tag","embeddable":true,"href":"https:\/\/assulba.com.br\/index.php?rest_route=%2Fwp%2Fv2%2Fproduct_tag&post=159"}],"curies":[{"name":"wp","href":"https:\/\/api.w.org\/{rel}","templated":true}]}}