{"id":1115,"date":"2017-11-15T19:04:28","date_gmt":"2017-11-15T19:04:28","guid":{"rendered":"http:\/\/assulba.com.br\/?page_id=1115"},"modified":"2024-09-05T21:37:08","modified_gmt":"2024-09-06T00:37:08","slug":"contato-2","status":"publish","type":"page","link":"https:\/\/assulba.com.br\/?page_id=1115","title":{"rendered":"CONTATO"},"content":{"rendered":"<div id=\"pl-1115\"  class=\"panel-layout\" ><div id=\"pg-1115-0\"  class=\"panel-grid panel-has-style\" ><div class=\"siteorigin-panels-stretch panel-row-style panel-row-style-for-1115-0\" data-stretch-type=\"full\" ><div id=\"pgc-1115-0-0\"  class=\"panel-grid-cell panel-grid-cell-empty\" ><\/div><div id=\"pgc-1115-0-1\"  class=\"panel-grid-cell panel-grid-cell-mobile-last\" ><div id=\"panel-1115-0-1-0\" class=\"so-panel widget_siteorigin-panels-builder panel-first-child\" data-index=\"0\" ><div id=\"pl-w66da4e83bade5\"  class=\"panel-layout\" ><div id=\"pg-w66da4e83bade5-0\"  class=\"panel-grid panel-no-style\" ><div id=\"pgc-w66da4e83bade5-0-0\"  class=\"panel-grid-cell\" ><div id=\"panel-w66da4e83bade5-0-0-0\" class=\"so-panel widget_sow-editor panel-first-child panel-last-child\" data-index=\"0\" ><div\n\t\t\t\n\t\t\tclass=\"so-widget-sow-editor so-widget-sow-editor-base\"\n\t\t\t\n\t\t><h3 class=\"widget-title\">ENDERE\u00c7O E FORMUL\u00c1RIO<\/h3>\n<div class=\"siteorigin-widget-tinymce textwidget\">\n\t<\/div>\n<\/div><\/div><\/div><\/div><div id=\"pg-w66da4e83bade5-1\"  class=\"panel-grid panel-no-style\" ><div id=\"pgc-w66da4e83bade5-1-0\"  class=\"panel-grid-cell\" ><div id=\"panel-w66da4e83bade5-1-0-0\" class=\"so-panel widget_sow-image panel-first-child panel-last-child\" data-index=\"1\" ><div\n\t\t\t\n\t\t\tclass=\"so-widget-sow-image so-widget-sow-image-default-c67d20f9f743\"\n\t\t\t\n\t\t>\n<div class=\"sow-image-container\">\n\t\t<img \n\tsrc=\"https:\/\/assulba.com.br\/wp-content\/uploads\/2021\/10\/logo-assulba-seg.png\" width=\"237\" height=\"94\" srcset=\"https:\/\/assulba.com.br\/wp-content\/uploads\/2021\/10\/logo-assulba-seg.png 237w, https:\/\/assulba.com.br\/wp-content\/uploads\/2021\/10\/logo-assulba-seg-64x41.png 64w\" sizes=\"(max-width: 149px) 100vw, 149px\" alt=\"\" \t\tclass=\"so-widget-image\"\/>\n\t<\/div>\n\n<\/div><\/div><\/div><\/div><div id=\"pg-w66da4e83bade5-2\"  class=\"panel-grid panel-has-style\" ><div class=\"panel-row-style panel-row-style-for-w66da4e83bade5-2\" ><div id=\"pgc-w66da4e83bade5-2-0\"  class=\"panel-grid-cell\" ><div id=\"panel-w66da4e83bade5-2-0-0\" class=\"so-panel widget_sow-editor panel-first-child panel-last-child\" data-index=\"2\" ><div class=\"panel-widget-style panel-widget-style-for-w66da4e83bade5-2-0-0\" ><div\n\t\t\t\n\t\t\tclass=\"so-widget-sow-editor so-widget-sow-editor-base\"\n\t\t\t\n\t\t>\n<div class=\"siteorigin-widget-tinymce textwidget\">\n\t<h4 style=\"text-align: center;\">RUA ADELM\u00c1RIO PINHEIRO, 16, BAIRRO AMARALINA, SALVADOR, BA<br \/>\nTEL. (71) 3345 6200 \/ WA (71) 99740 6200.<br \/>\nHOR\u00c1RIOS, SEG \u00c0 SEX 8:30 - 17:30. SAB 8:30 - 12:30<\/h4>\n<\/div>\n<\/div><\/div><\/div><\/div><\/div><\/div><\/div><\/div><div id=\"panel-1115-0-1-1\" class=\"so-panel widget_sow-google-map\" data-index=\"1\" ><div\n\t\t\t\n\t\t\tclass=\"so-widget-sow-google-map so-widget-sow-google-map-default-dfba216d3c8e-1115\"\n\t\t\t\n\t\t>\n<div class=\"sow-google-map-canvas\"\n\tstyle=\"\"\n\tid=\"map-canvas-46ce10d0be70fd0f52e99c1cf0f49a5c\"\n\tdata-options=\"{&quot;address&quot;:&quot;-13.0121198, -38.47295729999999&quot;,&quot;zoom&quot;:18,&quot;mobileZoom&quot;:18,&quot;gestureHandling&quot;:&quot;cooperative&quot;,&quot;disableUi&quot;:true,&quot;markerIcon&quot;:&quot;https:\\\/\\\/assulba.com.br\\\/wp-content\\\/uploads\\\/2017\\\/11\\\/logo.png&quot;,&quot;markersDraggable&quot;:false,&quot;markerAtCenter&quot;:false,&quot;markerInfoDisplay&quot;:&quot;click&quot;,&quot;markerInfoMultiple&quot;:&quot;&quot;,&quot;markerPositions&quot;:false,&quot;mapName&quot;:false,&quot;mapStyles&quot;:false,&quot;directions&quot;:&quot;&quot;,&quot;apiKey&quot;:&quot;AIzaSyAzhlQXT4I480vuqQLGPvtVxJK1GmPYPng&quot;,&quot;breakpoint&quot;:780,&quot;id&quot;:&quot;69ed2e&quot;}\"\n\tdata-fallback-image=\"{&quot;img&quot;:&quot;&lt;img width=\\&quot;800\\&quot; height=\\&quot;364\\&quot; src=\\&quot;https:\\\/\\\/assulba.com.br\\\/wp-content\\\/uploads\\\/2022\\\/05\\\/mapa.png\\&quot; class=\\&quot;attachment-full size-full\\&quot; alt=\\&quot;\\&quot; srcset=\\&quot;https:\\\/\\\/assulba.com.br\\\/wp-content\\\/uploads\\\/2022\\\/05\\\/mapa.png 800w, https:\\\/\\\/assulba.com.br\\\/wp-content\\\/uploads\\\/2022\\\/05\\\/mapa-768x349.png 768w, https:\\\/\\\/assulba.com.br\\\/wp-content\\\/uploads\\\/2022\\\/05\\\/mapa-555x253.png 555w, https:\\\/\\\/assulba.com.br\\\/wp-content\\\/uploads\\\/2022\\\/05\\\/mapa-64x29.png 64w\\&quot; sizes=\\&quot;(max-width: 800px) 100vw, 800px\\&quot; \\\/&gt;&quot;}\"><\/div>\n<\/div><\/div><div id=\"panel-1115-0-1-2\" class=\"so-panel widget_sow-contact-form panel-last-child\" data-index=\"2\" ><div\n\t\t\t\n\t\t\tclass=\"so-widget-sow-contact-form so-widget-sow-contact-form-default-1e14c81690db-1115\"\n\t\t\t\n\t\t>\t<form\n\t\taction=\"\/index.php?rest_route=%2Fwp%2Fv2%2Fpages%2F1115\"\n\t\tmethod=\"POST\"\n\t\tclass=\"sow-contact-form\"\n\t\tid=\"contact-form-289e\"\n\t>\n\n\t\t\n\t\t            <p><em>Campos marcados com * s\u00e3o obrigat\u00f3rios<\/em><\/p>\n\t\t\t\t\t\t<div class=\"sow-form-field sow-form-field-name\">\n\t\t\t\t<label class=\"sow-form-field-label-above\" for=\"sow-contact-form-field-seu-nome-1\">\n\t\t\t\t<strong>\n\t\t\t\t\tSeu nome\t\t\t\t\t\t\t\t\t\t\t<span class=\"sow-form-field-required\">*<\/span>\n\t\t\t\t\t\t\t\t\t<\/strong>\n\t\t\t<\/label>\n\t\t\t\t\t\t\t<div class=\"sow-field-container\">\n\t\t\t\t\t\t\t<input\n\t\t\ttype=\"text\"\n\t\t\tname=\"seu-nome-1\"\n\t\t\tid=\"sow-contact-form-field-seu-nome-1\"\n\t\t\tvalue=\"\"\n\t\t\tclass=\"sow-text-field\"\n\t\t\t\t\t\t\t\t\/>\n\t\t\t\t\t\t<\/div>\n\t\t\t\t\t\t\t<\/div>\n\t\t\t\t\t\t<div class=\"sow-form-field sow-form-field-name\">\n\t\t\t\t<label class=\"sow-form-field-label-above\" for=\"sow-contact-form-field-empresa-ou-condominio-opcional-1\">\n\t\t\t\t<strong>\n\t\t\t\t\tEmpresa ou Condom\u00ednio (opcional)\t\t\t\t\t\t\t\t\t<\/strong>\n\t\t\t<\/label>\n\t\t\t\t\t\t\t<div class=\"sow-field-container\">\n\t\t\t\t\t\t\t<input\n\t\t\ttype=\"text\"\n\t\t\tname=\"empresa-ou-condominio-opcional-1\"\n\t\t\tid=\"sow-contact-form-field-empresa-ou-condominio-opcional-1\"\n\t\t\tvalue=\"\"\n\t\t\tclass=\"sow-text-field\"\n\t\t\t\t\t\t\t\t\/>\n\t\t\t\t\t\t<\/div>\n\t\t\t\t\t\t\t<\/div>\n\t\t\t\t\t\t<div class=\"sow-form-field sow-form-field-email\">\n\t\t\t\t<label class=\"sow-form-field-label-above\" for=\"sow-contact-form-field-o-seu-e-mail-1\">\n\t\t\t\t<strong>\n\t\t\t\t\tO seu e-mail\t\t\t\t\t\t\t\t\t\t\t<span class=\"sow-form-field-required\">*<\/span>\n\t\t\t\t\t\t\t\t\t<\/strong>\n\t\t\t<\/label>\n\t\t\t\t\t\t\t<div class=\"sow-field-container\">\n\t\t\t\t\t\t\t<input\n\t\t\ttype=\"email\"\n\t\t\tname=\"o-seu-e-mail-1\"\n\t\t\tid=\"sow-contact-form-field-o-seu-e-mail-1\"\n\t\t\tvalue=\"\"\n\t\t\tclass=\"sow-text-field\"\t\t\t\t\t\t\t\t\/>\n\t\t\t\t\t\t<\/div>\n\t\t\t\t\t\t\t<\/div>\n\t\t\t\t\t\t<div class=\"sow-form-field sow-form-field-subject\">\n\t\t\t\t<label class=\"sow-form-field-label-above\" for=\"sow-contact-form-field-assunto-1\">\n\t\t\t\t<strong>\n\t\t\t\t\tAssunto\t\t\t\t\t\t\t\t\t\t\t<span class=\"sow-form-field-required\">*<\/span>\n\t\t\t\t\t\t\t\t\t<\/strong>\n\t\t\t<\/label>\n\t\t\t\t\t\t\t<div class=\"sow-field-container\">\n\t\t\t\t\t\t\t<input\n\t\t\ttype=\"text\"\n\t\t\tname=\"assunto-1\"\n\t\t\tid=\"sow-contact-form-field-assunto-1\"\n\t\t\tvalue=\"\"\n\t\t\tclass=\"sow-text-field\"\n\t\t\t\t\t\t\t\t\/>\n\t\t\t\t\t\t<\/div>\n\t\t\t\t\t\t\t<\/div>\n\t\t\t\t\t\t<div class=\"sow-form-field sow-form-field-textarea\">\n\t\t\t\t<label class=\"sow-form-field-label-above\" for=\"sow-contact-form-field-mensagem-1\">\n\t\t\t\t<strong>\n\t\t\t\t\tMensagem\t\t\t\t\t\t\t\t\t\t\t<span class=\"sow-form-field-required\">*<\/span>\n\t\t\t\t\t\t\t\t\t<\/strong>\n\t\t\t<\/label>\n\t\t\t\t\t\t\t<div class=\"sow-field-container\">\n\t\t\t\t\t\t\t<textarea\n\t\t\tname=\"mensagem-1\"\n\t\t\tid=\"sow-contact-form-field-mensagem-1\"\n\t\t\trows=\"10\"\n\t\t\t\t\t\t\t\t><\/textarea>\n\t\t\t\t\t\t<\/div>\n\t\t\t\t\t\t\t<\/div>\n\t\t\t\n\t\t\n\t\t<div class=\"sow-submit-wrapper \n\t\t\t\t\">\n\n\t\t\t<button\n\t\t\t\ttype=\"submit\"\n\t\t\t\tclass=\"sow-submit\n\t\t\t\t\t\t\t\t\"\n\t\t\t\t\t\t\t>\n\t\t\t\tEnviar\t\t\t<\/button>\n\t\t<\/div>\n\t\t\t\t<input\n\t\t\ttype=\"hidden\"\n\t\t\tname=\"instance_hash-1\"\n\t\t\tvalue=\"289e40e6\"\n\t\t\/>\n\n\t\t<input type=\"hidden\" id=\"_wpnonce\" name=\"_wpnonce\" value=\"4baea12ffd\" \/><input type=\"hidden\" name=\"_wp_http_referer\" value=\"\/index.php?rest_route=%2Fwp%2Fv2%2Fpages%2F1115\" \/>\t<\/form>\n\t<\/div><\/div><\/div><div id=\"pgc-1115-0-2\"  class=\"panel-grid-cell panel-grid-cell-empty\" ><\/div><\/div><\/div><\/div>","protected":false},"excerpt":{"rendered":"<p>ENDERE\u00c7O E FORMUL\u00c1RIO RUA ADELM\u00c1RIO PINHEIRO, 16, BAIRRO AMARALINA, SALVADOR, BA TEL. (71) 3345 6200 \/ WA (71) 99740 6200. HOR\u00c1RIOS, SEG \u00c0 SEX 8:30 &#8211; 17:30. SAB 8:30 &#8211; 12:30 Campos marcados com * s\u00e3o obrigat\u00f3rios Seu nome * Empresa ou Condom\u00ednio (opcional) O seu e-mail * Assunto * Mensagem * Enviar<\/p>\n","protected":false},"author":1,"featured_media":6070,"parent":0,"menu_order":0,"comment_status":"closed","ping_status":"closed","template":"template-fullwidth.php","meta":{"footnotes":""},"class_list":["post-1115","page","type-page","status-publish","has-post-thumbnail","hentry"],"jetpack_sharing_enabled":true,"_links":{"self":[{"href":"https:\/\/assulba.com.br\/index.php?rest_route=\/wp\/v2\/pages\/1115","targetHints":{"allow":["GET"]}}],"collection":[{"href":"https:\/\/assulba.com.br\/index.php?rest_route=\/wp\/v2\/pages"}],"about":[{"href":"https:\/\/assulba.com.br\/index.php?rest_route=\/wp\/v2\/types\/page"}],"author":[{"embeddable":true,"href":"https:\/\/assulba.com.br\/index.php?rest_route=\/wp\/v2\/users\/1"}],"replies":[{"embeddable":true,"href":"https:\/\/assulba.com.br\/index.php?rest_route=%2Fwp%2Fv2%2Fcomments&post=1115"}],"version-history":[{"count":14,"href":"https:\/\/assulba.com.br\/index.php?rest_route=\/wp\/v2\/pages\/1115\/revisions"}],"predecessor-version":[{"id":9556,"href":"https:\/\/assulba.com.br\/index.php?rest_route=\/wp\/v2\/pages\/1115\/revisions\/9556"}],"wp:featuredmedia":[{"embeddable":true,"href":"https:\/\/assulba.com.br\/index.php?rest_route=\/wp\/v2\/media\/6070"}],"wp:attachment":[{"href":"https:\/\/assulba.com.br\/index.php?rest_route=%2Fwp%2Fv2%2Fmedia&parent=1115"}],"curies":[{"name":"wp","href":"https:\/\/api.w.org\/{rel}","templated":true}]}}